{"id":1340,"date":"2024-04-25T17:16:10","date_gmt":"2024-04-25T20:16:10","guid":{"rendered":"https:\/\/ifccursos.com.br\/?page_id=1340"},"modified":"2024-05-03T10:41:56","modified_gmt":"2024-05-03T13:41:56","slug":"sobre","status":"publish","type":"page","link":"https:\/\/ifccursos.com.br\/index.php\/sobre\/","title":{"rendered":"Sobre"},"content":{"rendered":"\t\t<div data-elementor-type=\"wp-page\" data-elementor-id=\"1340\" class=\"elementor elementor-1340\" data-elementor-post-type=\"page\">\n\t\t\t\t\t\t<section class=\"elementor-section elementor-top-section elementor-element elementor-element-2b417c6 elementor-section-boxed elementor-section-height-default elementor-section-height-default\" data-id=\"2b417c6\" data-element_type=\"section\" data-settings=\"{&quot;background_background&quot;:&quot;gradient&quot;}\">\n\t\t\t\t\t\t<div class=\"elementor-container elementor-column-gap-no\">\n\t\t\t\t\t<div class=\"elementor-column elementor-col-100 elementor-top-column elementor-element elementor-element-16e0e8d\" data-id=\"16e0e8d\" data-element_type=\"column\" data-settings=\"{&quot;background_background&quot;:&quot;classic&quot;}\">\n\t\t\t<div class=\"elementor-widget-wrap elementor-element-populated\">\n\t\t\t\t\t\t<div class=\"elementor-element elementor-element-6584fcd elementor-widget elementor-widget-heading\" data-id=\"6584fcd\" data-element_type=\"widget\" data-widget_type=\"heading.default\">\n\t\t\t\t<div class=\"elementor-widget-container\">\n\t\t\t\t\t<h2 class=\"elementor-heading-title elementor-size-default\">F\u00e1bio Cabral<\/h2>\t\t\t\t<\/div>\n\t\t\t\t<\/div>\n\t\t\t\t\t<\/div>\n\t\t<\/div>\n\t\t\t\t\t<\/div>\n\t\t<\/section>\n\t\t\t\t<section class=\"elementor-section elementor-top-section elementor-element elementor-element-0cae444 elementor-section-boxed elementor-section-height-default elementor-section-height-default\" data-id=\"0cae444\" data-element_type=\"section\" data-settings=\"{&quot;background_background&quot;:&quot;gradient&quot;}\">\n\t\t\t\t\t\t<div class=\"elementor-container elementor-column-gap-no\">\n\t\t\t\t\t<div class=\"elementor-column elementor-col-100 elementor-top-column elementor-element elementor-element-d10433b\" data-id=\"d10433b\" data-element_type=\"column\">\n\t\t\t<div class=\"elementor-widget-wrap elementor-element-populated\">\n\t\t\t\t\t\t<section class=\"elementor-section elementor-inner-section elementor-element elementor-element-2e2893e elementor-section-boxed elementor-section-height-default elementor-section-height-default\" data-id=\"2e2893e\" data-element_type=\"section\" data-settings=\"{&quot;background_background&quot;:&quot;classic&quot;}\">\n\t\t\t\t\t\t<div class=\"elementor-container elementor-column-gap-no\">\n\t\t\t\t\t<div class=\"elementor-column elementor-col-100 elementor-inner-column elementor-element elementor-element-5bb2bfc\" data-id=\"5bb2bfc\" data-element_type=\"column\">\n\t\t\t<div class=\"elementor-widget-wrap elementor-element-populated\">\n\t\t\t\t\t\t<div class=\"elementor-element elementor-element-0f61a10 elementor-widget__width-initial elementor-widget elementor-widget-text-editor\" data-id=\"0f61a10\" data-element_type=\"widget\" data-widget_type=\"text-editor.default\">\n\t\t\t\t<div class=\"elementor-widget-container\">\n\t\t\t\t\t\t\t\t\t<p>Curr\u00edculo Resumido:<\/p>\n<ul>\n<li>Fisioteraupeta h\u00e1 14 anos;<\/li>\n<li>Especialista em Traumato Ortopedia;<\/li>\n<li>Especialista em Fisioterapia Desportiva;<\/li>\n<li>Especialista em Fisioterapia oncol\u00f3gica;<\/li>\n<li>Atuou por 11 anos como fisioterapeuta Home Care;<\/li>\n<li>Atuou por 7 nos no Hospital de Traumatologia de Jo\u00e3o Pessoa;<\/li>\n<li>Professor de 8 cursos no Instituto F\u00e1bio Cabral &#8211; Forma\u00e7\u00f5es em Sa\u00fade<\/li>\n<li>J\u00e1 formou mais de 7.400 alunos em 6 anos.<\/li>\n<li>Coordenador de P\u00f3s Gradua\u00e7\u00e3o em UTI do CISCE &#8211; JP.<\/li>\n<li>Fundador e diretor da Cl\u00ednica L&#8217;am\u00ea &#8211; Sa\u00fade Est\u00e9tica e Bem Estar.<\/li>\n<li>Professor de cursos on-line;<\/li>\n<li>Mentor de fisioterapeutas que desejam alavancar a sua carreira.<\/li>\n<\/ul>\t\t\t\t\t\t\t\t<\/div>\n\t\t\t\t<\/div>\n\t\t\t\t<div class=\"elementor-element elementor-element-a3375c9 elementor-widget__width-initial elementor-widget elementor-widget-image\" data-id=\"a3375c9\" data-element_type=\"widget\" data-widget_type=\"image.default\">\n\t\t\t\t<div class=\"elementor-widget-container\">\n\t\t\t\t\t\t\t\t\t\t\t\t\t\t\t<img fetchpriority=\"high\" decoding=\"async\" width=\"768\" height=\"1024\" src=\"https:\/\/ifccursos.com.br\/wp-content\/uploads\/2024\/04\/Imagem-do-WhatsApp-de-2024-04-10-as-22.18.45_6fc8d603-768x1024.jpg\" class=\"attachment-medium_large size-medium_large wp-image-1373\" alt=\"\" srcset=\"https:\/\/ifccursos.com.br\/wp-content\/uploads\/2024\/04\/Imagem-do-WhatsApp-de-2024-04-10-as-22.18.45_6fc8d603-768x1024.jpg 768w, https:\/\/ifccursos.com.br\/wp-content\/uploads\/2024\/04\/Imagem-do-WhatsApp-de-2024-04-10-as-22.18.45_6fc8d603-225x300.jpg 225w, https:\/\/ifccursos.com.br\/wp-content\/uploads\/2024\/04\/Imagem-do-WhatsApp-de-2024-04-10-as-22.18.45_6fc8d603.jpg 960w\" sizes=\"(max-width: 768px) 100vw, 768px\" \/>\t\t\t\t\t\t\t\t\t\t\t\t\t\t\t<\/div>\n\t\t\t\t<\/div>\n\t\t\t\t\t<\/div>\n\t\t<\/div>\n\t\t\t\t\t<\/div>\n\t\t<\/section>\n\t\t\t\t\t<\/div>\n\t\t<\/div>\n\t\t\t\t\t<\/div>\n\t\t<\/section>\n\t\t\t\t<\/div>\n\t\t","protected":false},"excerpt":{"rendered":"<p>F\u00e1bio Cabral Curr\u00edculo Resumido: Fisioteraupeta h\u00e1 14 anos; Especialista em Traumato Ortopedia; Especialista em Fisioterapia Desportiva; Especialista em Fisioterapia oncol\u00f3gica; Atuou por 11 anos como fisioterapeuta Home Care; Atuou por 7 nos no Hospital de Traumatologia de Jo\u00e3o Pessoa; Professor de 8 cursos no Instituto F\u00e1bio Cabral &#8211; Forma\u00e7\u00f5es em Sa\u00fade J\u00e1 formou mais de [&hellip;]<\/p>\n","protected":false},"author":1,"featured_media":0,"parent":0,"menu_order":0,"comment_status":"closed","ping_status":"closed","template":"","meta":{"_acf_changed":false,"site-sidebar-layout":"no-sidebar","site-content-layout":"page-builder","ast-site-content-layout":"full-width-container","site-content-style":"unboxed","site-sidebar-style":"unboxed","ast-global-header-display":"","ast-banner-title-visibility":"","ast-main-header-display":"","ast-hfb-above-header-display":"","ast-hfb-below-header-display":"","ast-hfb-mobile-header-display":"","site-post-title":"disabled","ast-breadcrumbs-content":"disabled","ast-featured-img":"disabled","footer-sml-layout":"","theme-transparent-header-meta":"enabled","adv-header-id-meta":"","stick-header-meta":"","header-above-stick-meta":"","header-main-stick-meta":"","header-below-stick-meta":"","astra-migrate-meta-layouts":"set","ast-page-background-enabled":"default","ast-page-background-meta":{"desktop":{"background-color":"var(--ast-global-color-4)","background-image":"","background-repeat":"repeat","background-position":"center center","background-size":"auto","background-attachment":"scroll","background-type":"","background-media":"","overlay-type":"","overlay-color":"","overlay-gradient":""},"tablet":{"background-color":"","background-image":"","background-repeat":"repeat","background-position":"center center","background-size":"auto","background-attachment":"scroll","background-type":"","background-media":"","overlay-type":"","overlay-color":"","overlay-gradient":""},"mobile":{"background-color":"","background-image":"","background-repeat":"repeat","background-position":"center center","background-size":"auto","background-attachment":"scroll","background-type":"","background-media":"","overlay-type":"","overlay-color":"","overlay-gradient":""}},"ast-content-background-meta":{"desktop":{"background-color":"var(--ast-global-color-5)","background-image":"","background-repeat":"repeat","background-position":"center center","background-size":"auto","background-attachment":"scroll","background-type":"","background-media":"","overlay-type":"","overlay-color":"","overlay-gradient":""},"tablet":{"background-color":"var(--ast-global-color-5)","background-image":"","background-repeat":"repeat","background-position":"center center","background-size":"auto","background-attachment":"scroll","background-type":"","background-media":"","overlay-type":"","overlay-color":"","overlay-gradient":""},"mobile":{"background-color":"var(--ast-global-color-5)","background-image":"","background-repeat":"repeat","background-position":"center center","background-size":"auto","background-attachment":"scroll","background-type":"","background-media":"","overlay-type":"","overlay-color":"","overlay-gradient":""}},"_joinchat":[],"footnotes":""},"class_list":["post-1340","page","type-page","status-publish","hentry"],"acf":[],"_links":{"self":[{"href":"https:\/\/ifccursos.com.br\/index.php\/wp-json\/wp\/v2\/pages\/1340","targetHints":{"allow":["GET"]}}],"collection":[{"href":"https:\/\/ifccursos.com.br\/index.php\/wp-json\/wp\/v2\/pages"}],"about":[{"href":"https:\/\/ifccursos.com.br\/index.php\/wp-json\/wp\/v2\/types\/page"}],"author":[{"embeddable":true,"href":"https:\/\/ifccursos.com.br\/index.php\/wp-json\/wp\/v2\/users\/1"}],"replies":[{"embeddable":true,"href":"https:\/\/ifccursos.com.br\/index.php\/wp-json\/wp\/v2\/comments?post=1340"}],"version-history":[{"count":10,"href":"https:\/\/ifccursos.com.br\/index.php\/wp-json\/wp\/v2\/pages\/1340\/revisions"}],"predecessor-version":[{"id":1476,"href":"https:\/\/ifccursos.com.br\/index.php\/wp-json\/wp\/v2\/pages\/1340\/revisions\/1476"}],"wp:attachment":[{"href":"https:\/\/ifccursos.com.br\/index.php\/wp-json\/wp\/v2\/media?parent=1340"}],"curies":[{"name":"wp","href":"https:\/\/api.w.org\/{rel}","templated":true}]}}